{"id":447,"date":"2022-11-09T11:33:06","date_gmt":"2022-11-09T08:33:06","guid":{"rendered":"https:\/\/artekinlaw.com\/kurucu\/"},"modified":"2023-03-30T15:27:12","modified_gmt":"2023-03-30T12:27:12","slug":"kurucu","status":"publish","type":"page","link":"https:\/\/www.artekinlaw.com\/tr\/kurucu\/","title":{"rendered":"Kurucu"},"content":{"rendered":"\t\t<div data-elementor-type=\"wp-page\" data-elementor-id=\"447\" class=\"elementor elementor-447 elementor-22\" data-elementor-settings=\"{&quot;element_pack_global_tooltip_width&quot;:{&quot;unit&quot;:&quot;px&quot;,&quot;size&quot;:&quot;&quot;,&quot;sizes&quot;:[]},&quot;element_pack_global_tooltip_width_tablet&quot;:{&quot;unit&quot;:&quot;px&quot;,&quot;size&quot;:&quot;&quot;,&quot;sizes&quot;:[]},&quot;element_pack_global_tooltip_width_mobile&quot;:{&quot;unit&quot;:&quot;px&quot;,&quot;size&quot;:&quot;&quot;,&quot;sizes&quot;:[]},&quot;element_pack_global_tooltip_padding&quot;:{&quot;unit&quot;:&quot;px&quot;,&quot;top&quot;:&quot;&quot;,&quot;right&quot;:&quot;&quot;,&quot;bottom&quot;:&quot;&quot;,&quot;left&quot;:&quot;&quot;,&quot;isLinked&quot;:true},&quot;element_pack_global_tooltip_padding_tablet&quot;:{&quot;unit&quot;:&quot;px&quot;,&quot;top&quot;:&quot;&quot;,&quot;right&quot;:&quot;&quot;,&quot;bottom&quot;:&quot;&quot;,&quot;left&quot;:&quot;&quot;,&quot;isLinked&quot;:true},&quot;element_pack_global_tooltip_padding_mobile&quot;:{&quot;unit&quot;:&quot;px&quot;,&quot;top&quot;:&quot;&quot;,&quot;right&quot;:&quot;&quot;,&quot;bottom&quot;:&quot;&quot;,&quot;left&quot;:&quot;&quot;,&quot;isLinked&quot;:true},&quot;element_pack_global_tooltip_border_radius&quot;:{&quot;unit&quot;:&quot;px&quot;,&quot;top&quot;:&quot;&quot;,&quot;right&quot;:&quot;&quot;,&quot;bottom&quot;:&quot;&quot;,&quot;left&quot;:&quot;&quot;,&quot;isLinked&quot;:true},&quot;element_pack_global_tooltip_border_radius_tablet&quot;:{&quot;unit&quot;:&quot;px&quot;,&quot;top&quot;:&quot;&quot;,&quot;right&quot;:&quot;&quot;,&quot;bottom&quot;:&quot;&quot;,&quot;left&quot;:&quot;&quot;,&quot;isLinked&quot;:true},&quot;element_pack_global_tooltip_border_radius_mobile&quot;:{&quot;unit&quot;:&quot;px&quot;,&quot;top&quot;:&quot;&quot;,&quot;right&quot;:&quot;&quot;,&quot;bottom&quot;:&quot;&quot;,&quot;left&quot;:&quot;&quot;,&quot;isLinked&quot;:true}}\" data-elementor-post-type=\"page\">\n\t\t\t\t\t\t<section class=\"elementor-section elementor-top-section elementor-element elementor-element-df6a2af elementor-section-boxed elementor-section-height-default elementor-section-height-default\" data-id=\"df6a2af\" data-element_type=\"section\" data-e-type=\"section\">\n\t\t\t\t\t\t<div class=\"elementor-container elementor-column-gap-default\">\n\t\t\t\t\t<div class=\"elementor-column elementor-col-50 elementor-top-column elementor-element elementor-element-9718559 elementor-invisible\" data-id=\"9718559\" data-element_type=\"column\" data-e-type=\"column\" data-settings=\"{&quot;animation&quot;:&quot;fadeInLeft&quot;,&quot;animation_delay&quot;:100}\">\n\t\t\t<div class=\"elementor-widget-wrap elementor-element-populated\">\n\t\t\t\t\t\t<div class=\"elementor-element elementor-element-4426181 elementor-widget elementor-widget-heading\" data-id=\"4426181\" data-element_type=\"widget\" data-e-type=\"widget\" data-widget_type=\"heading.default\">\n\t\t\t\t<div class=\"elementor-widget-container\">\n\t\t\t\t\t<h4 class=\"elementor-heading-title elementor-size-default\">Hakk\u0131m\u0131zda<\/h4>\t\t\t\t<\/div>\n\t\t\t\t<\/div>\n\t\t\t\t<div class=\"elementor-element elementor-element-a516f4e elementor-widget elementor-widget-heading\" data-id=\"a516f4e\" data-element_type=\"widget\" data-e-type=\"widget\" data-widget_type=\"heading.default\">\n\t\t\t\t<div class=\"elementor-widget-container\">\n\t\t\t\t\t<h2 class=\"elementor-heading-title elementor-size-default\">Artekin Hukuk B\u00fcrosu<\/h2>\t\t\t\t<\/div>\n\t\t\t\t<\/div>\n\t\t\t\t\t<\/div>\n\t\t<\/div>\n\t\t\t\t<div class=\"elementor-column elementor-col-50 elementor-top-column elementor-element elementor-element-4999923 elementor-invisible\" data-id=\"4999923\" data-element_type=\"column\" data-e-type=\"column\" data-settings=\"{&quot;animation&quot;:&quot;fadeInRight&quot;,&quot;animation_delay&quot;:100}\">\n\t\t\t<div class=\"elementor-widget-wrap elementor-element-populated\">\n\t\t\t\t\t\t<div class=\"elementor-element elementor-element-3ce9d30 elementor-widget elementor-widget-text-editor\" data-id=\"3ce9d30\" data-element_type=\"widget\" data-e-type=\"widget\" data-widget_type=\"text-editor.default\">\n\t\t\t\t<div class=\"elementor-widget-container\">\n\t\t\t\t\t\t\t\t\t<p><strong>Artekin Hukuk B\u00fcrosu, <\/strong>Av. Mustafa Cem Artekin taraf\u0131ndan, <strong><em>uluslararas\u0131 ve ulusal b\u00fcy\u00fck \u015firketleri kapsayan 21 y\u0131ll\u0131k profesyonel tecr\u00fcbesinin ard\u0131ndan,<\/em><\/strong> 2022 y\u0131l\u0131nda kurulmu\u015ftur.<\/p>\n<p>Artekin Hukuk B\u00fcrosu, dan\u0131\u015fan ve m\u00fcvekkillerine Havac\u0131l\u0131k Hukuku, Ticaret Hukuku, Uluslararas\u0131 Ticari S\u00f6zle\u015fmeler, Finansal &amp; Operasyonel Kiralama S\u00f6zle\u015fmeleri, Teknoloji Transferi Anla\u015fmalar\u0131, Ortak Giri\u015fim \u015eirketleri ile Birle\u015fme ve Devralmalar, Uluslararas\u0131 Yarg\u0131, Avrupa Birli\u011fi Hukuku, Rekabet Hukuku, Uyumluluk Risk De\u011ferlendirmesi, Kurumsal Uyumluluk, Ambargo Uyumlulu\u011fu, Kurumsal Y\u00f6neti\u015fim, Etik Y\u00f6netim ve K\u00fclt\u00fcr\u00fc, Bireysel \u0130\u015f Hukuku ve Toplu \u0130\u015f Hukuku ile Davalar alan\u0131nda hizmet vermektedir.<\/p>\n\t\t\t\t\t\t\t\t<\/div>\n\t\t\t\t<\/div>\n\t\t\t\t\t<\/div>\n\t\t<\/div>\n\t\t\t\t\t<\/div>\n\t\t<\/section>\n\t\t\t\t<section class=\"elementor-section elementor-top-section elementor-element elementor-element-46b08a7b elementor-section-boxed elementor-section-height-default elementor-section-height-default elementor-invisible\" data-id=\"46b08a7b\" data-element_type=\"section\" data-e-type=\"section\" data-settings=\"{&quot;animation&quot;:&quot;fadeInUp&quot;,&quot;animation_delay&quot;:200}\">\n\t\t\t\t\t\t<div class=\"elementor-container elementor-column-gap-default\">\n\t\t\t\t\t<div class=\"elementor-column elementor-col-100 elementor-top-column elementor-element elementor-element-71533e6c\" data-id=\"71533e6c\" data-element_type=\"column\" data-e-type=\"column\">\n\t\t\t<div class=\"elementor-widget-wrap elementor-element-populated\">\n\t\t\t\t\t\t<div class=\"elementor-element elementor-element-32a11a2a elementor-widget elementor-widget-heading\" data-id=\"32a11a2a\" data-element_type=\"widget\" data-e-type=\"widget\" data-widget_type=\"heading.default\">\n\t\t\t\t<div class=\"elementor-widget-container\">\n\t\t\t\t\t<h4 class=\"elementor-heading-title elementor-size-default\">Artekin Hukuk B\u00fcrosu Kurucusu<\/h4>\t\t\t\t<\/div>\n\t\t\t\t<\/div>\n\t\t\t\t<div class=\"elementor-element elementor-element-1a9d0ec1 elementor-widget elementor-widget-heading\" data-id=\"1a9d0ec1\" data-element_type=\"widget\" data-e-type=\"widget\" data-widget_type=\"heading.default\">\n\t\t\t\t<div class=\"elementor-widget-container\">\n\t\t\t\t\t<h2 class=\"elementor-heading-title elementor-size-default\">Mustafa Cem ARTEKIN<\/h2>\t\t\t\t<\/div>\n\t\t\t\t<\/div>\n\t\t\t\t\t<\/div>\n\t\t<\/div>\n\t\t\t\t\t<\/div>\n\t\t<\/section>\n\t\t\t\t<section class=\"elementor-section elementor-top-section elementor-element elementor-element-81cdded elementor-section-content-middle elementor-section-boxed elementor-section-height-default elementor-section-height-default\" data-id=\"81cdded\" data-element_type=\"section\" data-e-type=\"section\">\n\t\t\t\t\t\t<div class=\"elementor-container elementor-column-gap-default\">\n\t\t\t\t\t<div class=\"elementor-column elementor-col-50 elementor-top-column elementor-element elementor-element-21e733fa elementor-invisible\" data-id=\"21e733fa\" data-element_type=\"column\" data-e-type=\"column\" data-settings=\"{&quot;animation&quot;:&quot;fadeInLeft&quot;,&quot;animation_delay&quot;:300}\">\n\t\t\t<div class=\"elementor-widget-wrap elementor-element-populated\">\n\t\t\t\t\t\t<div class=\"elementor-element elementor-element-7c6b92c0 elementor-widget elementor-widget-image\" data-id=\"7c6b92c0\" data-element_type=\"widget\" data-e-type=\"widget\" data-widget_type=\"image.default\">\n\t\t\t\t<div class=\"elementor-widget-container\">\n\t\t\t\t\t\t\t\t\t\t\t\t\t\t\t<img fetchpriority=\"high\" decoding=\"async\" width=\"683\" height=\"1024\" src=\"https:\/\/www.artekinlaw.com\/wp-content\/uploads\/2023\/03\/Mustafa-Cem-Artekin-e1680169918915.jpeg\" class=\"attachment-full size-full wp-image-947\" alt=\"\" \/>\t\t\t\t\t\t\t\t\t\t\t\t\t\t\t<\/div>\n\t\t\t\t<\/div>\n\t\t\t\t\t<\/div>\n\t\t<\/div>\n\t\t\t\t<div class=\"elementor-column elementor-col-50 elementor-top-column elementor-element elementor-element-94b2984 elementor-invisible\" data-id=\"94b2984\" data-element_type=\"column\" data-e-type=\"column\" data-settings=\"{&quot;animation&quot;:&quot;fadeInRight&quot;,&quot;animation_delay&quot;:300}\">\n\t\t\t<div class=\"elementor-widget-wrap elementor-element-populated\">\n\t\t\t\t\t\t<div class=\"elementor-element elementor-element-69ce3320 elementor-widget elementor-widget-text-editor\" data-id=\"69ce3320\" data-element_type=\"widget\" data-e-type=\"widget\" data-widget_type=\"text-editor.default\">\n\t\t\t\t<div class=\"elementor-widget-container\">\n\t\t\t\t\t\t\t\t\t<p><strong>Artekin Hukuk B\u00fcrosu\u2019nun<\/strong> kurucusu Mustafa Cem Artekin, Hukuk B\u00fcrolar\u0131ndaki 5 y\u0131ll\u0131k meslek tecr\u00fcbesinin ard\u0131ndan, 2006 y\u0131l\u0131nda <strong>Finans Varl\u0131k Y\u00f6netimi\/Fiba Holding\u2019de<\/strong> Hukuk Dan\u0131\u015fman\u0131 olarak; 2006 ile 2014 y\u0131llar\u0131 aras\u0131nda <strong>T\u00fcrk Hava Yollar\u0131 Teknik\u2019te,<\/strong> Y\u00f6netim Kurulu Sekreteri ve Hukuk \u0130\u015fleri Direkt\u00f6r\u00fc olarak, i\u015ftiraklerinde ise yine Y\u00f6netim Kurulu Sekreteri ve Hukuk Dan\u0131\u015fman\u0131 s\u0131fat\u0131 ile g\u00f6rev yapm\u0131\u015f olup, s\u00f6z konusu i\u015ftirakler: <strong>T\u00fcrk Motor Merkezi,<\/strong> Pratt&amp;Whitney ile Ortak Giri\u015fim \u015eirketi; <strong>\u0130stanbul Servis Merkezi, <\/strong>Goodrich ile Ortak Giri\u015fim \u015eirketi; <strong>T\u00fcrk Kabin \u0130\u00e7i Sistemleri, <\/strong>T\u00fcrk Havac\u0131l\u0131k ve Uzay Sanayi ile Ortak Giri\u015fim \u015eirketi;<strong> T\u00fcrk U\u00e7ak Koltuk \u00dcretimi, <\/strong>Kibar Holding ile Ortak Giri\u015fim \u015eirketi; <strong>Turkbine, <\/strong>Zorlu Enerji ile Ortak Giri\u015fim \u015eirketi; T\u00fcrk Hava Yollar\u0131 Teknik\u2019in t\u00fcm hisselerine sahip oldu\u011fu, daha sonra <strong>MNG Teknik<\/strong>, akabinde de sermayedar\u0131 ile birle\u015fen <strong>HABOM\u2019dur.<\/strong> Sonras\u0131nda ise T\u00fcrk Hava Yollar\u0131 ve Lufthansa Ortak Giri\u015fim \u015eirketi olan <strong>SunExpress Havayollar\u0131nda<\/strong> Y\u00f6netim Kurulu Sekreteri, Hukuk \u0130\u015fleri ve Kurumsal Uyumluluk Direkt\u00f6r\u00fc, Ki\u015fisel Verileri Koruma Komitesi Ba\u015fkan\u0131 ve Etik Komite \u00dcyesi olarak g\u00f6rev yapm\u0131\u015ft\u0131r.<\/p>\n<p>Mustafa Cem Artekin, ayr\u0131ca, <strong>T\u00fcrkiye \u00d6zel Sivil Havac\u0131l\u0131k \u0130\u015fletmeleri Derne\u011fi\u2019nde (T\u00d6SH\u0130D),<\/strong> \u00f6zellikle Avrupa Birli\u011fi ve Mevzuattan sorumlu Y\u00f6netim Kurulu \u00dcyesi olarak g\u00f6rev yapm\u0131\u015ft\u0131r.<\/p>\n<p>\u00dcniversitelerde, Uluslararas\u0131 Havac\u0131l\u0131k Hukuku Dersleri vermekte olup, ayn\u0131 zamanda IATA E\u011fitmenidir.<\/p>\n<p>\u0130stanbul \u00dcniversitesi Hukuk Fak\u00fcltesi\u2019nden Lisans, Marmara \u00dcniversitesi\u2019nden, Avrupa Birli\u011fi Hukuku alan\u0131nda Y\u00fcksek Lisans dereceleri ile mezundur.<\/p>\n\t\t\t\t\t\t\t\t<\/div>\n\t\t\t\t<\/div>\n\t\t\t\t\t<\/div>\n\t\t<\/div>\n\t\t\t\t\t<\/div>\n\t\t<\/section>\n\t\t\t\t<section class=\"elementor-section elementor-top-section elementor-element elementor-element-72d23a2 elementor-section-boxed elementor-section-height-default elementor-section-height-default\" data-id=\"72d23a2\" data-element_type=\"section\" data-e-type=\"section\">\n\t\t\t\t\t\t<div class=\"elementor-container elementor-column-gap-default\">\n\t\t\t\t\t<div class=\"elementor-column elementor-col-50 elementor-top-column elementor-element elementor-element-8df419f elementor-invisible\" data-id=\"8df419f\" data-element_type=\"column\" data-e-type=\"column\" data-settings=\"{&quot;animation&quot;:&quot;fadeInLeft&quot;}\">\n\t\t\t<div class=\"elementor-widget-wrap elementor-element-populated\">\n\t\t\t\t\t\t<div class=\"elementor-element elementor-element-76ac311 elementor-widget elementor-widget-heading\" data-id=\"76ac311\" data-element_type=\"widget\" data-e-type=\"widget\" data-widget_type=\"heading.default\">\n\t\t\t\t<div class=\"elementor-widget-container\">\n\t\t\t\t\t<h4 class=\"elementor-heading-title elementor-size-default\">Vizyon<\/h4>\t\t\t\t<\/div>\n\t\t\t\t<\/div>\n\t\t\t\t<div class=\"elementor-element elementor-element-bcd3308 elementor-widget elementor-widget-heading\" data-id=\"bcd3308\" data-element_type=\"widget\" data-e-type=\"widget\" data-widget_type=\"heading.default\">\n\t\t\t\t<div class=\"elementor-widget-container\">\n\t\t\t\t\t<h2 class=\"elementor-heading-title elementor-size-default\">Vizyonumuz<\/h2>\t\t\t\t<\/div>\n\t\t\t\t<\/div>\n\t\t\t\t\t<\/div>\n\t\t<\/div>\n\t\t\t\t<div class=\"elementor-column elementor-col-50 elementor-top-column elementor-element elementor-element-436f691 elementor-invisible\" data-id=\"436f691\" data-element_type=\"column\" data-e-type=\"column\" data-settings=\"{&quot;animation&quot;:&quot;fadeInRight&quot;}\">\n\t\t\t<div class=\"elementor-widget-wrap elementor-element-populated\">\n\t\t\t\t\t\t<div class=\"elementor-element elementor-element-1f1cb7c elementor-widget elementor-widget-text-editor\" data-id=\"1f1cb7c\" data-element_type=\"widget\" data-e-type=\"widget\" data-widget_type=\"text-editor.default\">\n\t\t\t\t<div class=\"elementor-widget-container\">\n\t\t\t\t\t\t\t\t\t<p>\u201cTecr\u00fcbe ve akademik bilgi birikimine dayanan, do\u011fru ve etik t\u00fcm y\u00f6nleriyle topluma \u0131\u015f\u0131k olmaktan onur duyulmas\u0131 gereken bir ya\u015fam vizyonuna sahip hukuk\u00e7ulu\u011fun g\u00fcc\u00fcne inan\u0131yoruz\u201d<\/p>\n\t\t\t\t\t\t\t\t<\/div>\n\t\t\t\t<\/div>\n\t\t\t\t\t<\/div>\n\t\t<\/div>\n\t\t\t\t\t<\/div>\n\t\t<\/section>\n\t\t\t\t<\/div>\n\t\t","protected":false},"excerpt":{"rendered":"<p>Hakk\u0131m\u0131zda Artekin Hukuk B\u00fcrosu Artekin Hukuk B\u00fcrosu, Av. Mustafa Cem Artekin taraf\u0131ndan, uluslararas\u0131 ve ulusal b\u00fcy\u00fck \u015firketleri kapsayan 21 y\u0131ll\u0131k profesyonel tecr\u00fcbesinin ard\u0131ndan, 2022 y\u0131l\u0131nda kurulmu\u015ftur. Artekin Hukuk B\u00fcrosu, dan\u0131\u015fan ve m\u00fcvekkillerine Havac\u0131l\u0131k Hukuku, Ticaret Hukuku, Uluslararas\u0131 Ticari S\u00f6zle\u015fmeler, Finansal &amp; Operasyonel Kiralama S\u00f6zle\u015fmeleri, Teknoloji Transferi Anla\u015fmalar\u0131, Ortak Giri\u015fim \u015eirketleri ile Birle\u015fme ve Devralmalar, Uluslararas\u0131 [&hellip;]<\/p>\n","protected":false},"author":1,"featured_media":0,"parent":0,"menu_order":0,"comment_status":"closed","ping_status":"closed","template":"","meta":{"footnotes":""},"class_list":["post-447","page","type-page","status-publish","hentry"],"_links":{"self":[{"href":"https:\/\/www.artekinlaw.com\/tr\/wp-json\/wp\/v2\/pages\/447","targetHints":{"allow":["GET"]}}],"collection":[{"href":"https:\/\/www.artekinlaw.com\/tr\/wp-json\/wp\/v2\/pages"}],"about":[{"href":"https:\/\/www.artekinlaw.com\/tr\/wp-json\/wp\/v2\/types\/page"}],"author":[{"embeddable":true,"href":"https:\/\/www.artekinlaw.com\/tr\/wp-json\/wp\/v2\/users\/1"}],"replies":[{"embeddable":true,"href":"https:\/\/www.artekinlaw.com\/tr\/wp-json\/wp\/v2\/comments?post=447"}],"version-history":[{"count":0,"href":"https:\/\/www.artekinlaw.com\/tr\/wp-json\/wp\/v2\/pages\/447\/revisions"}],"wp:attachment":[{"href":"https:\/\/www.artekinlaw.com\/tr\/wp-json\/wp\/v2\/media?parent=447"}],"curies":[{"name":"wp","href":"https:\/\/api.w.org\/{rel}","templated":true}]}}